{"id":131,"date":"2023-10-19T16:15:04","date_gmt":"2023-10-19T16:15:04","guid":{"rendered":"https:\/\/www.chrysalide-binding.ch.paragon.sui-inter.net\/contact\/"},"modified":"2024-05-21T15:08:19","modified_gmt":"2024-05-21T15:08:19","slug":"contact","status":"publish","type":"page","link":"https:\/\/www.chrysalide-binding.ch\/fr\/contact\/","title":{"rendered":"Contact"},"content":{"rendered":"<script type=\"text\/javascript\">\n\/* <![CDATA[ *\/\nvar gform;gform||(document.addEventListener(\"gform_main_scripts_loaded\",function(){gform.scriptsLoaded=!0}),document.addEventListener(\"gform\/theme\/scripts_loaded\",function(){gform.themeScriptsLoaded=!0}),window.addEventListener(\"DOMContentLoaded\",function(){gform.domLoaded=!0}),gform={domLoaded:!1,scriptsLoaded:!1,themeScriptsLoaded:!1,isFormEditor:()=>\"function\"==typeof InitializeEditor,callIfLoaded:function(o){return!(!gform.domLoaded||!gform.scriptsLoaded||!gform.themeScriptsLoaded&&!gform.isFormEditor()||(gform.isFormEditor()&&console.warn(\"The use of gform.initializeOnLoaded() is deprecated in the form editor context and will be removed in Gravity Forms 3.1.\"),o(),0))},initializeOnLoaded:function(o){gform.callIfLoaded(o)||(document.addEventListener(\"gform_main_scripts_loaded\",()=>{gform.scriptsLoaded=!0,gform.callIfLoaded(o)}),document.addEventListener(\"gform\/theme\/scripts_loaded\",()=>{gform.themeScriptsLoaded=!0,gform.callIfLoaded(o)}),window.addEventListener(\"DOMContentLoaded\",()=>{gform.domLoaded=!0,gform.callIfLoaded(o)}))},hooks:{action:{},filter:{}},addAction:function(o,r,e,t){gform.addHook(\"action\",o,r,e,t)},addFilter:function(o,r,e,t){gform.addHook(\"filter\",o,r,e,t)},doAction:function(o){gform.doHook(\"action\",o,arguments)},applyFilters:function(o){return gform.doHook(\"filter\",o,arguments)},removeAction:function(o,r){gform.removeHook(\"action\",o,r)},removeFilter:function(o,r,e){gform.removeHook(\"filter\",o,r,e)},addHook:function(o,r,e,t,n){null==gform.hooks[o][r]&&(gform.hooks[o][r]=[]);var d=gform.hooks[o][r];null==n&&(n=r+\"_\"+d.length),gform.hooks[o][r].push({tag:n,callable:e,priority:t=null==t?10:t})},doHook:function(r,o,e){var t;if(e=Array.prototype.slice.call(e,1),null!=gform.hooks[r][o]&&((o=gform.hooks[r][o]).sort(function(o,r){return o.priority-r.priority}),o.forEach(function(o){\"function\"!=typeof(t=o.callable)&&(t=window[t]),\"action\"==r?t.apply(null,e):e[0]=t.apply(null,e)})),\"filter\"==r)return e[0]},removeHook:function(o,r,t,n){var e;null!=gform.hooks[o][r]&&(e=(e=gform.hooks[o][r]).filter(function(o,r,e){return!!(null!=n&&n!=o.tag||null!=t&&t!=o.priority)}),gform.hooks[o][r]=e)}});\n\/* ]]> *\/\n<\/script>\n\n                <div class='gf_browser_gecko gform_wrapper gravity-theme gform-theme--no-framework' data-form-theme='gravity-theme' data-form-index='0' id='gform_wrapper_2' ><div id='gf_2' class='gform_anchor' tabindex='-1'><\/div>\n                        <div class='gform_heading'>\n\t\t\t\t\t\t\t<p class='gform_required_legend'><\/p>\n                        <\/div><form method='post' enctype='multipart\/form-data' target='gform_ajax_frame_2' id='gform_2'  action='\/fr\/wp-json\/wp\/v2\/pages\/131#gf_2' data-formid='2' novalidate>\n                        <div class='gform-body gform_body'><div id='gform_fields_2' class='gform_fields top_label form_sublabel_below description_below validation_below'><div id=\"field_2_10\" class=\"gfield gfield--type-honeypot gform_validation_container field_sublabel_below gfield--has-description field_description_below field_validation_below gfield_visibility_visible\"  ><label class='gfield_label gform-field-label' for='input_2_10'>Instagram<\/label><div class='ginput_container'><input name='input_10' id='input_2_10' type='text' value='' autocomplete='new-password'\/><\/div><div class='gfield_description' id='gfield_description_2_10'>Ce champ n\u2019est utilis\u00e9 qu\u2019\u00e0 des fins de validation et devrait rester inchang\u00e9.<\/div><\/div><fieldset id=\"field_2_1\" class=\"gfield gfield--type-name gfield_contains_required field_sublabel_hidden_label gfield--no-description field_description_below field_validation_below gfield_visibility_visible\"  ><legend class='gfield_label gform-field-label gfield_label_before_complex' >Nom<span class=\"gfield_required\"><span class=\"gfield_required gfield_required_asterisk\">*<\/span><\/span><\/legend><div class='ginput_complex ginput_container ginput_container--name no_prefix has_first_name no_middle_name has_last_name no_suffix gf_name_has_2 ginput_container_name gform-grid-row' id='input_2_1'>\n                            \n                            <span id='input_2_1_3_container' class='name_first gform-grid-col gform-grid-col--size-auto' >\n                                                    <input type='text' name='input_1.3' id='input_2_1_3' value=''   aria-required='true'   placeholder='Nom'  \/>\n                                                    <label for='input_2_1_3' class='gform-field-label gform-field-label--type-sub hidden_sub_label screen-reader-text'>Pr\u00e9nom<\/label>\n                                                <\/span>\n                            \n                            <span id='input_2_1_6_container' class='name_last gform-grid-col gform-grid-col--size-auto' >\n                                                    <input type='text' name='input_1.6' id='input_2_1_6' value=''   aria-required='true'   placeholder='Pr\u00e9nom'  \/>\n                                                    <label for='input_2_1_6' class='gform-field-label gform-field-label--type-sub hidden_sub_label screen-reader-text'>Nom<\/label>\n                                                <\/span>\n                            \n                        <\/div><\/fieldset><div id=\"field_2_3\" class=\"gfield gfield--type-email gfield--width-half gfield_contains_required field_sublabel_below gfield--no-description field_description_below field_validation_below gfield_visibility_visible\"  ><label class='gfield_label gform-field-label' for='input_2_3'>E-Mail<span class=\"gfield_required\"><span class=\"gfield_required gfield_required_asterisk\">*<\/span><\/span><\/label><div class='ginput_container ginput_container_email'>\n                            <input name='input_3' id='input_2_3' type='email' value='' class='large'    aria-required=\"true\" aria-invalid=\"false\"  \/>\n                        <\/div><\/div><div id=\"field_2_4\" class=\"gfield gfield--type-phone gfield--width-half field_sublabel_below gfield--no-description field_description_below field_validation_below gfield_visibility_visible\"  ><label class='gfield_label gform-field-label' for='input_2_4'>T\u00e9l\u00e9phone<\/label><div class='ginput_container ginput_container_phone'><input name='input_4' id='input_2_4' type='tel' value='' class='large'    aria-invalid=\"false\"   \/><\/div><\/div><div id=\"field_2_8\" class=\"gfield gfield--type-select gfield--width-full gfield_contains_required field_sublabel_below gfield--no-description field_description_below field_validation_below gfield_visibility_visible\"  ><label class='gfield_label gform-field-label' for='input_2_8'>Demande pour :<span class=\"gfield_required\"><span class=\"gfield_required gfield_required_asterisk\">*<\/span><\/span><\/label><div class='ginput_container ginput_container_select'><select name='input_8' id='input_2_8' class='large gfield_select'    aria-required=\"true\" aria-invalid=\"false\" ><option value='allgemeine Ausk\u00fcnfte zu den Binding Preisen Chrysalide' >Renseignements g\u00e9n\u00e9raux sur les Prix Binding d\u2019encouragement \u00e0 la litt\u00e9rature<\/option><option value='Ausk\u00fcnfte zur Ausschreibung der Binding Preise Chrysalide' >Renseignements sur l&#039;appel d&#039;offres des Prix Binding d\u2019encouragement \u00e0 la litt\u00e9rature<\/option><\/select><\/div><\/div><div id=\"field_2_5\" class=\"gfield gfield--type-text gfield--width-full gfield_contains_required field_sublabel_below gfield--no-description field_description_below field_validation_below gfield_visibility_visible\"  ><label class='gfield_label gform-field-label' for='input_2_5'>Objet<span class=\"gfield_required\"><span class=\"gfield_required gfield_required_asterisk\">*<\/span><\/span><\/label><div class='ginput_container ginput_container_text'><input name='input_5' id='input_2_5' type='text' value='' class='large'     aria-required=\"true\" aria-invalid=\"false\"   \/><\/div><\/div><div id=\"field_2_6\" class=\"gfield gfield--type-textarea gfield--width-full gfield_contains_required field_sublabel_below gfield--no-description field_description_below field_validation_below gfield_visibility_visible\"  ><label class='gfield_label gform-field-label' for='input_2_6'>Communication<span class=\"gfield_required\"><span class=\"gfield_required gfield_required_asterisk\">*<\/span><\/span><\/label><div class='ginput_container ginput_container_textarea'><textarea name='input_6' id='input_2_6' class='textarea large'     aria-required=\"true\" aria-invalid=\"false\"   rows='10' cols='50'><\/textarea><\/div><\/div><fieldset id=\"field_2_7\" class=\"gfield gfield--type-consent gfield--type-choice gfield--input-type-consent gfield--width-full gfield_contains_required field_sublabel_below gfield--no-description field_description_below field_validation_below gfield_visibility_visible\"  ><legend class='gfield_label gform-field-label gfield_label_before_complex' >Approbation<span class=\"gfield_required\"><span class=\"gfield_required gfield_required_asterisk\">*<\/span><\/span><\/legend><div class='ginput_container ginput_container_consent'><input name='input_7.1' id='input_2_7_1' type='checkbox' value='1'   aria-required=\"true\" aria-invalid=\"false\"   \/> <label class=\"gform-field-label gform-field-label--type-inline gfield_consent_label\" for='input_2_7_1' >J\u2019approuve la <a href=\"https:\/\/www.binding-stiftung.ch\/inhaltselemente\/datenschutzerklaerung\/\" target=\"_blank\" alt=\"Datenschutzhinweise Binding Stiftung\" title=\"Datenschutzhinweise Binding Stiftung\" rel=\"noopener\">d\u00e9claration concernant la protection des donn\u00e9es<\/a>.<\/label><input type='hidden' name='input_7.2' value='J\u2019approuve la &lt;a href=&quot;https:\/\/www.binding-stiftung.ch\/inhaltselemente\/datenschutzerklaerung\/&quot; target=&quot;_blank&quot; alt=&quot;Datenschutzhinweise Binding Stiftung&quot; title=&quot;Datenschutzhinweise Binding Stiftung&quot;&gt;d\u00e9claration concernant la protection des donn\u00e9es&lt;\/a&gt;.' class='gform_hidden' \/><input type='hidden' name='input_7.3' value='1' class='gform_hidden' \/><\/div><\/fieldset><div id=\"field_2_9\" class=\"gfield gfield--type-html gfield--width-full gfield_html gfield_html_formatted gfield_no_follows_desc field_sublabel_below gfield--no-description field_description_below field_validation_below gfield_visibility_visible\"  ><small>\u201e<span class=\"gfield_required gfield_required_asterisk\">*<\/span>\u201c affiche les champs obligatoires<\/small><\/div><\/div><\/div>\n        <div class='gform-footer gform_footer top_label'> <input type='submit' id='gform_submit_button_2' class='gform_button button' onclick='gform.submission.handleButtonClick(this);' data-submission-type='submit' value='Envoyer'  \/> <input type='hidden' name='gform_ajax' value='form_id=2&amp;title=&amp;description=&amp;tabindex=0&amp;theme=gravity-theme&amp;styles={&quot;theme&quot;:&quot;gravity-theme&quot;,&quot;inputPrimaryColor&quot;:&quot;#204ce5&quot;}&amp;hash=8fce0343ae76cf873d999b093e8a20c2' \/>\n            <input type='hidden' class='gform_hidden' name='gform_submission_method' data-js='gform_submission_method_2' value='iframe' \/>\n            <input type='hidden' class='gform_hidden' name='gform_theme' data-js='gform_theme_2' id='gform_theme_2' value='gravity-theme' \/>\n            <input type='hidden' class='gform_hidden' name='gform_style_settings' data-js='gform_style_settings_2' id='gform_style_settings_2' value='{&quot;theme&quot;:&quot;gravity-theme&quot;,&quot;inputPrimaryColor&quot;:&quot;#204ce5&quot;}' \/>\n            <input type='hidden' class='gform_hidden' name='is_submit_2' value='1' \/>\n            <input type='hidden' class='gform_hidden' name='gform_submit' value='2' \/>\n            \n            <input type='hidden' class='gform_hidden' name='gform_currency' data-currency='CHF' value='KpCSN9ZO+BIeLR4b9AO3rMO+8M4xq8gul1oc\/kVpFcVn30MuC8qfbbpP93r4TlmfBPpkDw8WktZK4zvk2CXjg2Oc6Q1vQ3cK80GEZ+6Bvk1NA3Y=' \/>\n            <input type='hidden' class='gform_hidden' name='gform_unique_id' value='' \/>\n            <input type='hidden' class='gform_hidden' name='state_2' value='WyJ7XCI4XCI6W1wiOTc4ZDBlOTZjZTNkZDc5Mjk3NmRiMDNkODFjZTBkZmRcIixcIjA3MjMwM2Q5YjJlZDViMzMzMGFhNGJlODg0ZjVlOTQxXCJdLFwiNy4xXCI6XCJmMGUwZTA5YTk2NGY3NjY1MzJhMzMzZDk5YjQxNzczMVwiLFwiNy4yXCI6XCJlYTg0MGI4OWQwMTYwZmIwZDE2ZmI4YWMwMGU2ZWJjNVwiLFwiNy4zXCI6XCJmMGUwZTA5YTk2NGY3NjY1MzJhMzMzZDk5YjQxNzczMVwifSIsImFmZThiODZkMzI3YTA0Yjg4MTU1ZWE4MWMyMzExZjY1Il0=' \/>\n            <input type='hidden' autocomplete='off' class='gform_hidden' name='gform_target_page_number_2' id='gform_target_page_number_2' value='0' \/>\n            <input type='hidden' autocomplete='off' class='gform_hidden' name='gform_source_page_number_2' id='gform_source_page_number_2' value='1' \/>\n            <input type='hidden' name='gform_field_values' value='' \/>\n            \n        <\/div>\n                        <\/form>\n                        <\/div>\n\t\t                <iframe style='display:none;width:0px;height:0px;' src='about:blank' name='gform_ajax_frame_2' id='gform_ajax_frame_2' title='Cette iframe contient la logique n\u00e9cessaire pour manipuler Gravity Forms avec Ajax.'><\/iframe>\n\t\t                <script type=\"text\/javascript\">\n\/* <![CDATA[ *\/\n gform.initializeOnLoaded( function() {gformInitSpinner( 2, 'https:\/\/www.chrysalide-binding.ch\/wp-content\/plugins\/gravityforms\/images\/spinner.svg', true );jQuery('#gform_ajax_frame_2').on('load',function(){var contents = jQuery(this).contents().find('*').html();var is_postback = contents.indexOf('GF_AJAX_POSTBACK') >= 0;if(!is_postback){return;}var form_content = jQuery(this).contents().find('#gform_wrapper_2');var is_confirmation = jQuery(this).contents().find('#gform_confirmation_wrapper_2').length > 0;var is_redirect = contents.indexOf('gformRedirect(){') >= 0;var is_form = form_content.length > 0 && ! is_redirect && ! is_confirmation;var mt = parseInt(jQuery('html').css('margin-top'), 10) + parseInt(jQuery('body').css('margin-top'), 10) + 100;if(is_form){jQuery('#gform_wrapper_2').html(form_content.html());if(form_content.hasClass('gform_validation_error')){jQuery('#gform_wrapper_2').addClass('gform_validation_error');} else {jQuery('#gform_wrapper_2').removeClass('gform_validation_error');}setTimeout( function() { \/* delay the scroll by 50 milliseconds to fix a bug in chrome *\/ jQuery(document).scrollTop(jQuery('#gform_wrapper_2').offset().top - mt); }, 50 );if(window['gformInitDatepicker']) {gformInitDatepicker();}if(window['gformInitPriceFields']) {gformInitPriceFields();}var current_page = jQuery('#gform_source_page_number_2').val();gformInitSpinner( 2, 'https:\/\/www.chrysalide-binding.ch\/wp-content\/plugins\/gravityforms\/images\/spinner.svg', true );jQuery(document).trigger('gform_page_loaded', [2, current_page]);window['gf_submitting_2'] = false;}else if(!is_redirect){var confirmation_content = jQuery(this).contents().find('.GF_AJAX_POSTBACK').html();if(!confirmation_content){confirmation_content = contents;}jQuery('#gform_wrapper_2').replaceWith(confirmation_content);jQuery(document).scrollTop(jQuery('#gf_2').offset().top - mt);jQuery(document).trigger('gform_confirmation_loaded', [2]);window['gf_submitting_2'] = false;wp.a11y.speak(jQuery('#gform_confirmation_message_2').text());}else{jQuery('#gform_2').append(contents);if(window['gformRedirect']) {gformRedirect();}}jQuery(document).trigger(\"gform_pre_post_render\", [{ formId: \"2\", currentPage: \"current_page\", abort: function() { this.preventDefault(); } }]);        if (event && event.defaultPrevented) {                return;        }        const gformWrapperDiv = document.getElementById( \"gform_wrapper_2\" );        if ( gformWrapperDiv ) {            const visibilitySpan = document.createElement( \"span\" );            visibilitySpan.id = \"gform_visibility_test_2\";            gformWrapperDiv.insertAdjacentElement( \"afterend\", visibilitySpan );        }        const visibilityTestDiv = document.getElementById( \"gform_visibility_test_2\" );        let postRenderFired = false;        function triggerPostRender() {            if ( postRenderFired ) {                return;            }            postRenderFired = true;            gform.core.triggerPostRenderEvents( 2, current_page );            if ( visibilityTestDiv ) {                visibilityTestDiv.parentNode.removeChild( visibilityTestDiv );            }        }        function debounce( func, wait, immediate ) {            var timeout;            return function() {                var context = this, args = arguments;                var later = function() {                    timeout = null;                    if ( !immediate ) func.apply( context, args );                };                var callNow = immediate && !timeout;                clearTimeout( timeout );                timeout = setTimeout( later, wait );                if ( callNow ) func.apply( context, args );            };        }        const debouncedTriggerPostRender = debounce( function() {            triggerPostRender();        }, 200 );        if ( visibilityTestDiv && visibilityTestDiv.offsetParent === null ) {            const observer = new MutationObserver( ( mutations ) => {                mutations.forEach( ( mutation ) => {                    if ( mutation.type === 'attributes' && visibilityTestDiv.offsetParent !== null ) {                        debouncedTriggerPostRender();                        observer.disconnect();                    }                });            });            observer.observe( document.body, {                attributes: true,                childList: false,                subtree: true,                attributeFilter: [ 'style', 'class' ],            });        } else {            triggerPostRender();        }    } );} ); \n\/* ]]> *\/\n<\/script>\n\n\n\n<hr class=\"wp-block-separator has-alpha-channel-opacity\"\/>\n\n\n\n<h3 class=\"wp-block-heading\">Pour tout renseignement g\u00e9n\u00e9ral sur les Prix Binding Chrysalide<\/h3>\n\n\n\n<p>Fondation Sophie et Karl Binding <br>Monika Wirth<br>Rennweg 50<br>4020 B\u00e2le<\/p>\n\n\n\n<p><a href=\"tel:+41613174090\" data-type=\"tel\" data-id=\"tel:+41613174090\">061 317 40 90 <br><\/a><a href=\"mailto:wirth@binding-stiftung.ch\">wirth@binding-stiftung.ch<\/a> <\/p>\n\n\n\n<hr class=\"wp-block-separator has-alpha-channel-opacity\"\/>\n\n\n\n<h3 class=\"wp-block-heading\">Pour tout renseignement sur la mise au concours des Prix Binding Chrysalide&nbsp;:<\/h3>\n\n\n\n<p>Secr\u00e9tariat Chrysalide <br>c\/o A*dS Autrices et auteurs de Suisse <br>Konradstrasse 61 <br>8031 Zurich<\/p>\n\n\n\n<p><a href=\"tel:+41443500460\" data-type=\"tel\" data-id=\"tel:+41443500460\">044 350 04 60 <\/a><br><a href=\"mailto:contact@chrysalide-binding.ch\">contact@chrysalide-binding.ch<\/a><\/p>\n\n\n\n<hr class=\"wp-block-separator has-alpha-channel-opacity\" id=\"media\"\/>\n\n\n\n<h3 class=\"wp-block-heading\">Communiqu\u00e9s de presse<\/h3>\n\n\n\n<h4 class=\"wp-block-heading\">Communiqu\u00e9 de presse commun de la Fondation Studer\/Ganz et la Fondation Sophie et Karl Binding<\/h4>\n\n\n\n<p>La Fondation Studer\/Ganz transmet \u00e0 la Fondation Sophie et Karl Binding ses prix pour la promotion de la rel\u00e8ve en litt\u00e9rature. La Fondation Sophie et Karl Binding continuera de garantir avec ces prix en fran\u00e7ais, allemand et italien, la qualit\u00e9 \u00e9lev\u00e9e et l\u2019esprit d\u2019encouragement de la rel\u00e8ve qui pr\u00e9sidaient les choix des prix Studer\/Ganz.<\/p>\n\n\n\n<div class=\"wp-block-file\"><a id=\"wp-block-file--media-608095c4-8122-4bba-8e49-8cf7dcbb3e59\" href=\"http:\/\/www.chrysalide-binding.ch.paragon.sui-inter.net\/wp-content\/uploads\/2024\/01\/2024_22_01_Medienmitteilung-Chrysalide_fr.pdf\" target=\"_blank\" rel=\"noreferrer noopener\">Communiqu\u00e9 de presse 22 janvier 2024<\/a><a href=\"http:\/\/www.chrysalide-binding.ch.paragon.sui-inter.net\/wp-content\/uploads\/2024\/01\/2024_22_01_Medienmitteilung-Chrysalide_fr.pdf\" class=\"wp-block-file__button wp-element-button\" aria-describedby=\"wp-block-file--media-608095c4-8122-4bba-8e49-8cf7dcbb3e59\" download>T\u00e9l\u00e9charger<\/a><\/div>\n\n\n\n<hr class=\"wp-block-separator has-alpha-channel-opacity\"\/>\n\n\n\n<h3 class=\"wp-block-heading\">T\u00e9l\u00e9chargements<\/h3>\n\n\n\n<div class=\"wp-block-file\"><a id=\"wp-block-file--media-608095c4-8122-4bba-8e49-8cf7dcbb3e59\" href=\"https:\/\/www.chrysalide-binding.ch\/wp-content\/uploads\/2023\/11\/Logos-Chrysalide-D.zip\" target=\"_blank\" rel=\"noreferrer noopener\">Logos Chrysalide De<\/a><a href=\"https:\/\/www.chrysalide-binding.ch\/wp-content\/uploads\/2023\/11\/Logos-Chrysalide-D.zip\" class=\"wp-block-file__button wp-element-button\" aria-describedby=\"wp-block-file--media-608095c4-8122-4bba-8e49-8cf7dcbb3e59\" download>T\u00e9l\u00e9charger (environ 2 MB)<\/a><\/div>\n\n\n\n<div class=\"wp-block-file\"><a id=\"wp-block-file--media-394506e9-4d74-4f79-8447-3e3299cfa2dd\" href=\"https:\/\/www.chrysalide-binding.ch\/wp-content\/uploads\/2023\/11\/Logos-Chrysalide-F.zip\" target=\"_blank\" rel=\"noreferrer noopener\">Logos Chrysalide Fr<\/a><a href=\"https:\/\/www.chrysalide-binding.ch\/wp-content\/uploads\/2023\/11\/Logos-Chrysalide-F.zip\" class=\"wp-block-file__button wp-element-button\" aria-describedby=\"wp-block-file--media-394506e9-4d74-4f79-8447-3e3299cfa2dd\" download>T\u00e9l\u00e9charger (environ 2 MB)<\/a><\/div>\n\n\n\n<div class=\"wp-block-file\"><a id=\"wp-block-file--media-b0fd2a14-f6fa-4799-8131-6ad39c0f73a6\" href=\"https:\/\/www.chrysalide-binding.ch\/wp-content\/uploads\/2023\/11\/Logos-Chrysalide-I.zip\">Logos Chrysalide It<\/a><a href=\"https:\/\/www.chrysalide-binding.ch\/wp-content\/uploads\/2023\/11\/Logos-Chrysalide-I.zip\" class=\"wp-block-file__button wp-element-button\" aria-describedby=\"wp-block-file--media-b0fd2a14-f6fa-4799-8131-6ad39c0f73a6\" download>T\u00e9l\u00e9charger (environ 2 MB)<\/a><\/div>\n","protected":false},"excerpt":{"rendered":"<p>Pour tout renseignement g\u00e9n\u00e9ral sur les Prix Binding Chrysalide Fondation Sophie et Karl Binding Monika WirthRennweg 504020 B\u00e2le 061 317 [&hellip;]<\/p>\n","protected":false},"author":1,"featured_media":0,"parent":0,"menu_order":0,"comment_status":"closed","ping_status":"closed","template":"","meta":{"_acf_changed":false,"footnotes":""},"class_list":["post-131","page","type-page","status-publish","hentry"],"acf":[],"_links":{"self":[{"href":"https:\/\/www.chrysalide-binding.ch\/fr\/wp-json\/wp\/v2\/pages\/131","targetHints":{"allow":["GET"]}}],"collection":[{"href":"https:\/\/www.chrysalide-binding.ch\/fr\/wp-json\/wp\/v2\/pages"}],"about":[{"href":"https:\/\/www.chrysalide-binding.ch\/fr\/wp-json\/wp\/v2\/types\/page"}],"author":[{"embeddable":true,"href":"https:\/\/www.chrysalide-binding.ch\/fr\/wp-json\/wp\/v2\/users\/1"}],"replies":[{"embeddable":true,"href":"https:\/\/www.chrysalide-binding.ch\/fr\/wp-json\/wp\/v2\/comments?post=131"}],"version-history":[{"count":5,"href":"https:\/\/www.chrysalide-binding.ch\/fr\/wp-json\/wp\/v2\/pages\/131\/revisions"}],"predecessor-version":[{"id":1470,"href":"https:\/\/www.chrysalide-binding.ch\/fr\/wp-json\/wp\/v2\/pages\/131\/revisions\/1470"}],"wp:attachment":[{"href":"https:\/\/www.chrysalide-binding.ch\/fr\/wp-json\/wp\/v2\/media?parent=131"}],"curies":[{"name":"wp","href":"https:\/\/api.w.org\/{rel}","templated":true}]}}