{"id":135,"date":"2023-10-20T08:53:46","date_gmt":"2023-10-20T08:53:46","guid":{"rendered":"https:\/\/www.chrysalide-binding.ch.paragon.sui-inter.net\/histoire-des-prix-fondation-studer-ganz\/"},"modified":"2024-01-17T12:15:21","modified_gmt":"2024-01-17T12:15:21","slug":"histoire-des-prix-fondation-studer-ganz","status":"publish","type":"page","link":"https:\/\/www.chrysalide-binding.ch\/fr\/histoire-des-prix-fondation-studer-ganz\/","title":{"rendered":"Histoire des prix \u2013 Fondation Studer\/Ganz"},"content":{"rendered":"\n<p><a href=\"https:\/\/www.studerganzstiftung.ch\/fr\/actualites\" target=\"_blank\" rel=\"noopener\">La Fondation Studer\/Ganz<\/a> a \u00e9t\u00e9 cr\u00e9\u00e9e en 2005 gr\u00e2ce \u00e0 des dons priv\u00e9s et au reliquat de fortune du Fonds Hermann Ganz, ce dernier \u00e9tant plac\u00e9 aupr\u00e8s de ce qui s\u2019appelait alors la Soci\u00e9t\u00e9 suisse des \u00e9crivaines et des \u00e9crivains (SSE), devenue aujourd\u2019hui Autrices et auteurs de Suisse (A*dS).<\/p>\n\n\n\n<p>D\u00e8s ses d\u00e9buts et jusqu\u2019\u00e0 la fin 2023, la Fondation a directement soutenu des \u00e9crivaines et \u00e9crivains m\u00e9ritant d\u2019\u00eatre encourag\u00e9s, de nationalit\u00e9 suisse ou \u00e9tablis en Suisse, qui se trouvaient en d\u00e9but de carri\u00e8re et dans la vie desquels l\u2019\u00e9criture litt\u00e9raire occupait une place centrale.<\/p>\n\n\n\n<p>Les objectifs de la Fondation se sont traduits par diverses mesures d\u2019encouragement dans les diff\u00e9rentes r\u00e9gions linguistiques de Suisse. En Suisse al\u00e9manique, tous les deux ans \u00e0 partir de 2006, \u00e9taient recherch\u00e9s des manuscrits de prose dignes de publication, parmi lesquels un jury de sp\u00e9cialistes s\u00e9lectionnait le \u00ab meilleur manuscrit in\u00e9dit \u00bb. Le Prix comprenait deux volets : une somme de 5000 francs attribu\u00e9e \u00e0 l\u2019autrice\/l\u2019auteur et la publication de son texte dans une maison d\u2019\u00e9dition g\u00e9n\u00e9raliste suisse (Limmat Verlag en 2006\/2008\/2010; D\u00f6rlemann Verlag en 2012\/2016 ; Lenos Verlag en 2018\/2020\/2022), aid\u00e9e par une contribution aux frais d\u2019impression (selon l\u2019\u00e9paisseur du volume : 5000 respectivement 7000 francs). \u00c0 partir de 2015, le m\u00eame mod\u00e8le \u00e9tait appliqu\u00e9 \u00e0 la Suisse italophone, o\u00f9 en 2015, 2017 et 2021 un livre a \u00e9t\u00e9 publi\u00e9 par la maison d\u2019\u00e9dition gce gabriele capelli editore.<\/p>\n\n\n\n<p>En Suisse romande, la Fondation Studer\/Ganz a, pour la premi\u00e8re fois en 2007, mis au concours le Prix Atelier Studer\/Ganz. Les \u00e9crivains et \u00e9crivaines d\u00e9butants pouvaient postuler en envoyant de brefs textes en prose. Pour les six personnes s\u00e9lectionn\u00e9es, le Prix consistait en une participation \u00e0 deux ateliers de quatre jours dirig\u00e9s par des professionnels et en une lecture publique donn\u00e9e dans l\u2019une des grandes villes de Suisse romande (Lausanne, Gen\u00e8ve).<\/p>\n\n\n\n<p>Le Conseil de fondation comprenait au moins trois membres connaissant parfaitement la sc\u00e8ne litt\u00e9raire de Suisse et des pays voisins. La Fondation collaborait avec l\u2019association Autrices et auteurs de Suisse (A*dS), dont le bureau \u00e9tait \u00e9galement charg\u00e9 de son secr\u00e9tariat.\r\n\r\nLe capital de la Fondation Studer\/Ganz ayant \u00e9t\u00e9 \u00e9puis\u00e9, son Conseil a d\u00e9cid\u00e9 de la dissoudre \u00e0 fin 2023. Mais l\u2019encouragement de la rel\u00e8ve litt\u00e9raire en Suisse, qui tenait (et tient toujours) \u00e0 c\u0153ur \u00e0 la fondatrice sera poursuivi par la Fondation Sophie et Karl Binding sous l\u2019appellation \u00ab Chrysalide \u00bb.\r\n<\/p>\n","protected":false},"excerpt":{"rendered":"<p>La Fondation Studer\/Ganz a \u00e9t\u00e9 cr\u00e9\u00e9e en 2005 gr\u00e2ce \u00e0 des dons priv\u00e9s et au reliquat de fortune du Fonds [&hellip;]<\/p>\n","protected":false},"author":1,"featured_media":0,"parent":0,"menu_order":0,"comment_status":"closed","ping_status":"closed","template":"","meta":{"_acf_changed":false,"footnotes":""},"class_list":["post-135","page","type-page","status-publish","hentry"],"acf":[],"_links":{"self":[{"href":"https:\/\/www.chrysalide-binding.ch\/fr\/wp-json\/wp\/v2\/pages\/135","targetHints":{"allow":["GET"]}}],"collection":[{"href":"https:\/\/www.chrysalide-binding.ch\/fr\/wp-json\/wp\/v2\/pages"}],"about":[{"href":"https:\/\/www.chrysalide-binding.ch\/fr\/wp-json\/wp\/v2\/types\/page"}],"author":[{"embeddable":true,"href":"https:\/\/www.chrysalide-binding.ch\/fr\/wp-json\/wp\/v2\/users\/1"}],"replies":[{"embeddable":true,"href":"https:\/\/www.chrysalide-binding.ch\/fr\/wp-json\/wp\/v2\/comments?post=135"}],"version-history":[{"count":2,"href":"https:\/\/www.chrysalide-binding.ch\/fr\/wp-json\/wp\/v2\/pages\/135\/revisions"}],"predecessor-version":[{"id":1329,"href":"https:\/\/www.chrysalide-binding.ch\/fr\/wp-json\/wp\/v2\/pages\/135\/revisions\/1329"}],"wp:attachment":[{"href":"https:\/\/www.chrysalide-binding.ch\/fr\/wp-json\/wp\/v2\/media?parent=135"}],"curies":[{"name":"wp","href":"https:\/\/api.w.org\/{rel}","templated":true}]}}