{"id":146,"date":"2023-11-01T14:28:26","date_gmt":"2023-11-01T14:28:26","guid":{"rendered":"https:\/\/www.chrysalide-binding.ch.paragon.sui-inter.net\/impressum\/"},"modified":"2023-11-30T09:32:26","modified_gmt":"2023-11-30T09:32:26","slug":"mentions-legales","status":"publish","type":"page","link":"https:\/\/www.chrysalide-binding.ch\/fr\/mentions-legales\/","title":{"rendered":"Mentions l\u00e9gales"},"content":{"rendered":"\n<p>Responsable du contenu du site web :<\/p>\n\n\n\n<p>Fondation Sophie et Karl Binding<br>Rennweg 50<br>4020 B\u00e2le<\/p>\n\n\n\n<p>T\u00e9l\u00e9phone:  061 317 40 90<\/p>\n\n\n\n<p><a href=\"mailto:contact@binding-stiftung.ch\">contact(at)binding-stiftung.ch<\/a><\/p>\n\n\n\n<hr class=\"wp-block-separator has-alpha-channel-opacity\"\/>\n\n\n\n<p>R\u00e9dactrice web: Lena Wunderlin<\/p>\n\n\n\n<p>Conception, design et r\u00e9alisation de ce site web:<\/p>\n\n\n\n<p>Neeser &amp; M\u00fcller GmbH und Gally Websolutions GmbH<\/p>\n","protected":false},"excerpt":{"rendered":"<p>Responsable du contenu du site web : Fondation Sophie et Karl BindingRennweg 504020 B\u00e2le T\u00e9l\u00e9phone: 061 317 40 90 contact(at)binding-stiftung.ch [&hellip;]<\/p>\n","protected":false},"author":1,"featured_media":0,"parent":0,"menu_order":0,"comment_status":"closed","ping_status":"closed","template":"","meta":{"_acf_changed":false,"footnotes":""},"class_list":["post-146","page","type-page","status-publish","hentry"],"acf":[],"_links":{"self":[{"href":"https:\/\/www.chrysalide-binding.ch\/fr\/wp-json\/wp\/v2\/pages\/146","targetHints":{"allow":["GET"]}}],"collection":[{"href":"https:\/\/www.chrysalide-binding.ch\/fr\/wp-json\/wp\/v2\/pages"}],"about":[{"href":"https:\/\/www.chrysalide-binding.ch\/fr\/wp-json\/wp\/v2\/types\/page"}],"author":[{"embeddable":true,"href":"https:\/\/www.chrysalide-binding.ch\/fr\/wp-json\/wp\/v2\/users\/1"}],"replies":[{"embeddable":true,"href":"https:\/\/www.chrysalide-binding.ch\/fr\/wp-json\/wp\/v2\/comments?post=146"}],"version-history":[{"count":3,"href":"https:\/\/www.chrysalide-binding.ch\/fr\/wp-json\/wp\/v2\/pages\/146\/revisions"}],"predecessor-version":[{"id":1112,"href":"https:\/\/www.chrysalide-binding.ch\/fr\/wp-json\/wp\/v2\/pages\/146\/revisions\/1112"}],"wp:attachment":[{"href":"https:\/\/www.chrysalide-binding.ch\/fr\/wp-json\/wp\/v2\/media?parent=146"}],"curies":[{"name":"wp","href":"https:\/\/api.w.org\/{rel}","templated":true}]}}