{"id":137,"date":"2023-10-20T08:53:46","date_gmt":"2023-10-20T08:53:46","guid":{"rendered":"https:\/\/www.chrysalide-binding.ch.paragon.sui-inter.net\/i-premi-e-la-loro-storia-fondazione-studer-ganz\/"},"modified":"2024-01-17T12:25:23","modified_gmt":"2024-01-17T12:25:23","slug":"il-premio-e-la-sua-storia-fondazione-studer-ganz","status":"publish","type":"page","link":"https:\/\/www.chrysalide-binding.ch\/it\/il-premio-e-la-sua-storia-fondazione-studer-ganz\/","title":{"rendered":"Il Premio e la sua storia \u2013 La Fondazione Studer\/Ganz"},"content":{"rendered":"\n<p><a href=\"https:\/\/www.studerganzstiftung.ch\/it\/attualita\" target=\"_blank\" rel=\"noopener\">La fondazione Studer\/Ganz<\/a> \u00e8 nata nel 2005 grazie a un lascito privato e alla rimanenza del fondo Hermann Ganz dell&#8217;allora societ\u00e0 svizzera scrittori e scrittrici (SSV), oggi denominata Autrici e autori della Svizzera (A*dS).<\/p>\n\n\n\n<p>Dal suo esordio e fino alla fine del 2023, la Fondazione ha offerto sostegno diretto a scrittrici e  scrittori di nazionalit\u00e0 svizzera o residenti in Svizzera che erano all&#8217;inizio della loro carriera e nella cui vita la scrittura letteraria occupava un posto centrale.<\/p>\n\n\n\n<p>Lo scopo della Fondazione si \u00e8 concretizzato tramite varie misure di promozione della letteratura nelle diverse regioni linguistiche della Svizzera. Ogni due anni, a partire dal 2006, nella Svizzera tedesca \u00e8 stato indetoo un bando di concorso per il miglior manoscritto inedito. Il concorso \u00e8 aperto alle persone di nazionali\u00e0 svizzera oppure residenti in Svizzera. A determinare il vincitore del Premio tra i manoscritti inoltrati e assegnare la menzione per la cura editoriale, \u00e8 una giuria di esperti. Il Premio \u00e8 articolato in due parti: una somma di 5000 franchi \u00e8 assegnata all&#8217;autore e il suo inedito viene pubblicato presso una casa editrice svizzera a spese della Fondazione. Per le edizioni del 2006\/2008\/2010 la pubblicazione \u00e8 stata assegnata a Limmat Verlag, per quelle del 1012 e 2016 a D\u00f6rlemann Verlag, e per le edizioni del 2018\/2020 e 2022 a Lenos Verlag. Nel 2015 \u00e8 stato introdotto il Premio di lingua italiana, per il quale \u00e8 stato adottato la stessa struttura come per quello di lingua tedesca, con pubblicazione presso l&#8217;editore Garbiele Capelli (nel 2015, nel 2017 e nel 2021). <\/p>\n\n\n\n<p>Inoltre, nel 2007, la Fondazione ha inaugurato il concorso Prix Atelier Studer\/Ganz per la Svizzera romanda, con una formula lievemente diversa rispetto a quella delle altre due regioni linguistiche. Il concorso si rivolge ad aspiranti autori di racconti brevi. Tra i testi inoltrati una giuria seleziona sei autori, ai quali viene offerta l&#8217;opportunit\u00e0 di partecipare a due laboratori di scrittura creativa di quattro giorni ciascuno sotto la direzione di due professionisti. Il laboratorio di scrittura si chiude con una lettura in pubblico dei testi premiati, che si svolge in una delle maggiori citt\u00e0 della Svizzera romanda (Losanna o Ginevra).<\/p>\n\n\n\n<p>Il Consiglio di Fondazione \u00e8 composto da almeno tre membri, tutti attivi in ambito letterario. La Fondazione ha sede presso l&#8217;associazione Autrici e Autori della Svizzera (A*dS), che mette a disposizione la propria segreteria. Avendo esaurito il capitale, alla fine del 2023 il Consiglio di Fondazione Studer\/Ganz ne ha deliberato lo scioglimento. La promozione dei giovani talenti letterari in Svizzera, missione che sta molto a cuore alla sua fondatrice, sar\u00e0 portata avanti dalla Fondazione Sophie e Karl Binding sotto il nome di <em>Chrysalide<\/em>.<\/p>\n","protected":false},"excerpt":{"rendered":"<p>La fondazione Studer\/Ganz \u00e8 nata nel 2005 grazie a un lascito privato e alla rimanenza del fondo Hermann Ganz dell&#8217;allora [&hellip;]<\/p>\n","protected":false},"author":1,"featured_media":0,"parent":0,"menu_order":0,"comment_status":"closed","ping_status":"closed","template":"","meta":{"_acf_changed":false,"footnotes":""},"class_list":["post-137","page","type-page","status-publish","hentry"],"acf":[],"_links":{"self":[{"href":"https:\/\/www.chrysalide-binding.ch\/it\/wp-json\/wp\/v2\/pages\/137","targetHints":{"allow":["GET"]}}],"collection":[{"href":"https:\/\/www.chrysalide-binding.ch\/it\/wp-json\/wp\/v2\/pages"}],"about":[{"href":"https:\/\/www.chrysalide-binding.ch\/it\/wp-json\/wp\/v2\/types\/page"}],"author":[{"embeddable":true,"href":"https:\/\/www.chrysalide-binding.ch\/it\/wp-json\/wp\/v2\/users\/1"}],"replies":[{"embeddable":true,"href":"https:\/\/www.chrysalide-binding.ch\/it\/wp-json\/wp\/v2\/comments?post=137"}],"version-history":[{"count":4,"href":"https:\/\/www.chrysalide-binding.ch\/it\/wp-json\/wp\/v2\/pages\/137\/revisions"}],"predecessor-version":[{"id":1330,"href":"https:\/\/www.chrysalide-binding.ch\/it\/wp-json\/wp\/v2\/pages\/137\/revisions\/1330"}],"wp:attachment":[{"href":"https:\/\/www.chrysalide-binding.ch\/it\/wp-json\/wp\/v2\/media?parent=137"}],"curies":[{"name":"wp","href":"https:\/\/api.w.org\/{rel}","templated":true}]}}